{"id":118,"date":"2022-04-05T16:33:39","date_gmt":"2022-04-05T14:33:39","guid":{"rendered":"http:\/\/madmobilite.org\/?page_id=118"},"modified":"2026-01-22T10:43:03","modified_gmt":"2026-01-22T09:43:03","slug":"nos-partenaires","status":"publish","type":"page","link":"https:\/\/madmobilite.org\/?page_id=118","title":{"rendered":"Nos partenaires"},"content":{"rendered":"\n<p data-block-type=\"core\">Nos partenaires jouent un r\u00f4le essentiel dans nos actions : gr\u00e2ce \u00e0 leur engagement et \u00e0 leur confiance, nous d\u00e9veloppons ensemble des solutions de mobilit\u00e9 solidaire au service de l\u2019insertion professionnelle et de l\u2019autonomie de chacun.<\/p>\n\n\n\n<figure class=\"wp-block-image size-large is-resized\" data-block-type=\"core\"><img loading=\"lazy\" decoding=\"async\" width=\"1024\" height=\"184\" src=\"http:\/\/madmobilite.org\/wp-content\/uploads\/2022\/04\/MAD_cartouche_partenaire-1024x184.png\" alt=\"\" class=\"wp-image-135\" style=\"width:1160px;height:auto\" srcset=\"https:\/\/madmobilite.org\/wp-content\/uploads\/2022\/04\/MAD_cartouche_partenaire-1024x184.png 1024w, https:\/\/madmobilite.org\/wp-content\/uploads\/2022\/04\/MAD_cartouche_partenaire-300x54.png 300w, https:\/\/madmobilite.org\/wp-content\/uploads\/2022\/04\/MAD_cartouche_partenaire-768x138.png 768w, https:\/\/madmobilite.org\/wp-content\/uploads\/2022\/04\/MAD_cartouche_partenaire-1536x276.png 1536w, https:\/\/madmobilite.org\/wp-content\/uploads\/2022\/04\/MAD_cartouche_partenaire-2048x367.png 2048w\" sizes=\"auto, (max-width: 1024px) 100vw, 1024px\" \/><\/figure>\n\n\n\n<div class=\"wp-block-stackable-spacer stk-block-spacer stk--no-padding stk-block stk-19a4c8d\" data-block-id=\"19a4c8d\"><style>.stk-19a4c8d {height:70px !important;}<\/style><\/div>\n\n\n\n<div class=\"wp-block-columns is-layout-flex wp-container-core-columns-is-layout-9d6595d7 wp-block-columns-is-layout-flex\" data-block-type=\"core\">\n<div class=\"wp-block-column is-layout-flow wp-block-column-is-layout-flow\" style=\"flex-basis:100%\" data-block-type=\"core\">\n<div class=\"wp-block-stackable-columns stk-block-columns stk-block stk-2934bdc\" data-block-id=\"2934bdc\"><style>.stk-2934bdc-column{max-width:843px !important;min-width:auto !important;}<\/style><div class=\"stk-row stk-inner-blocks stk-block-content stk-content-align stk-2934bdc-column\">\n<div class=\"wp-block-stackable-column stk-block-column stk-column stk-block stk-9064f59\" data-v=\"4\" data-block-id=\"9064f59\"><div class=\"stk-column-wrapper stk-block-column__content stk-container stk-9064f59-container stk--no-background stk--no-padding\"><div class=\"stk-block-content stk-inner-blocks stk-9064f59-inner-blocks\">\n<div class=\"wp-block-stackable-carousel stk-block-carousel stk--is-slide stk--arrows-justify-space-between stk--arrows-align-center stk-block stk-970264b\" data-slides-to-show=\"3\" data-block-id=\"970264b\"><style>.stk-970264b {--slides-to-show:3 !important;--gap:17px !important;--dot-gap:9px !important;--dot-size:8px !important;--dot-active-width:10px !important;max-width:1500px !important;min-width:auto !important;}.stk-970264b .stk-block-carousel__dot:before{border-radius:2px !important;}<\/style><div class=\"stk-block-carousel__content-wrapper\"><div class=\"stk-row stk-inner-blocks stk-block-content stk-block-carousel__slider-wrapper stk-content-align stk-970264b-column\"><div class=\"stk-block-carousel__slider\" role=\"list\" data-autoplay=\"6000\" data-label-slide-of=\"Slide %%d of %%d\" tabindex=\"0\">\n<div class=\"wp-block-stackable-column stk-block-column stk-column stk-block stk-df2efb8\" data-v=\"4\" data-block-id=\"df2efb8\"><div class=\"stk-column-wrapper stk-block-column__content stk-container stk-df2efb8-container stk--no-background stk--no-padding\"><div class=\"stk-block-content stk-inner-blocks stk-df2efb8-inner-blocks\">\n<figure class=\"wp-block-image size-full\" data-block-type=\"core\"><img loading=\"lazy\" decoding=\"async\" width=\"969\" height=\"678\" src=\"http:\/\/madmobilite.org\/wp-content\/uploads\/2026\/01\/Logo-ODD-couleur-2.png\" alt=\"\" class=\"wp-image-560\" srcset=\"https:\/\/madmobilite.org\/wp-content\/uploads\/2026\/01\/Logo-ODD-couleur-2.png 969w, https:\/\/madmobilite.org\/wp-content\/uploads\/2026\/01\/Logo-ODD-couleur-2-300x210.png 300w, https:\/\/madmobilite.org\/wp-content\/uploads\/2026\/01\/Logo-ODD-couleur-2-768x537.png 768w\" sizes=\"auto, (max-width: 969px) 100vw, 969px\" \/><\/figure>\n<\/div><\/div><\/div>\n\n\n\n<div class=\"wp-block-stackable-column stk-block-column stk-column stk-block stk-9ebdd7c\" data-v=\"4\" data-block-id=\"9ebdd7c\"><div class=\"stk-column-wrapper stk-block-column__content stk-container stk-9ebdd7c-container stk--no-background stk--no-padding\"><div class=\"stk-block-content stk-inner-blocks stk-9ebdd7c-inner-blocks\">\n<figure class=\"wp-block-image size-full is-resized\" data-block-type=\"core\"><img loading=\"lazy\" decoding=\"async\" width=\"640\" height=\"245\" src=\"http:\/\/madmobilite.org\/wp-content\/uploads\/2023\/04\/Logo_Harmonie_Mutuelle_3-removebg-preview.png\" alt=\"\" class=\"wp-image-367\" style=\"width:1165px;height:auto\" srcset=\"https:\/\/madmobilite.org\/wp-content\/uploads\/2023\/04\/Logo_Harmonie_Mutuelle_3-removebg-preview.png 640w, https:\/\/madmobilite.org\/wp-content\/uploads\/2023\/04\/Logo_Harmonie_Mutuelle_3-removebg-preview-300x115.png 300w\" sizes=\"auto, (max-width: 640px) 100vw, 640px\" \/><\/figure>\n<\/div><\/div><\/div>\n\n\n\n<div class=\"wp-block-stackable-column stk-block-column stk-column stk-block stk-2689e5d\" data-v=\"4\" data-block-id=\"2689e5d\"><div class=\"stk-column-wrapper stk-block-column__content stk-container stk-2689e5d-container stk--no-background stk--no-padding\"><div class=\"stk-block-content stk-inner-blocks stk-2689e5d-inner-blocks\">\n<figure class=\"wp-block-image size-full is-resized\" data-block-type=\"core\"><img loading=\"lazy\" decoding=\"async\" width=\"358\" height=\"105\" src=\"http:\/\/madmobilite.org\/wp-content\/uploads\/2023\/05\/Logo_sans_metier__002__recadre-removebg-preview.png\" alt=\"\" class=\"wp-image-392\" style=\"width:934px;height:auto\" srcset=\"https:\/\/madmobilite.org\/wp-content\/uploads\/2023\/05\/Logo_sans_metier__002__recadre-removebg-preview.png 358w, https:\/\/madmobilite.org\/wp-content\/uploads\/2023\/05\/Logo_sans_metier__002__recadre-removebg-preview-300x88.png 300w\" sizes=\"auto, (max-width: 358px) 100vw, 358px\" \/><\/figure>\n<\/div><\/div><\/div>\n\n\n\n<div class=\"wp-block-stackable-column stk-block-column stk-column stk-block stk-b03e2b2\" data-v=\"4\" data-block-id=\"b03e2b2\"><div class=\"stk-column-wrapper stk-block-column__content stk-container stk-b03e2b2-container stk--no-background stk--no-padding\"><div class=\"stk-block-content stk-inner-blocks stk-b03e2b2-inner-blocks\">\n<figure class=\"wp-block-image size-full\" data-block-type=\"core\"><img loading=\"lazy\" decoding=\"async\" width=\"830\" height=\"679\" src=\"http:\/\/madmobilite.org\/wp-content\/uploads\/2023\/08\/CALVADOS-dep.png\" alt=\"\" class=\"wp-image-417\" srcset=\"https:\/\/madmobilite.org\/wp-content\/uploads\/2023\/08\/CALVADOS-dep.png 830w, https:\/\/madmobilite.org\/wp-content\/uploads\/2023\/08\/CALVADOS-dep-300x245.png 300w, https:\/\/madmobilite.org\/wp-content\/uploads\/2023\/08\/CALVADOS-dep-768x628.png 768w\" sizes=\"auto, (max-width: 830px) 100vw, 830px\" \/><\/figure>\n<\/div><\/div><\/div>\n\n\n\n<div class=\"wp-block-stackable-column stk-block-column stk-column stk-block stk-0e6c211\" data-v=\"4\" data-block-id=\"0e6c211\"><div class=\"stk-column-wrapper stk-block-column__content stk-container stk-0e6c211-container stk--no-background stk--no-padding\"><div class=\"stk-block-content stk-inner-blocks stk-0e6c211-inner-blocks\">\n<figure class=\"wp-block-image size-full\" data-block-type=\"core\"><img loading=\"lazy\" decoding=\"async\" width=\"910\" height=\"922\" src=\"http:\/\/madmobilite.org\/wp-content\/uploads\/2023\/08\/Cofinance-par-l-Union-europeenne.jpg\" alt=\"\" class=\"wp-image-418\" srcset=\"https:\/\/madmobilite.org\/wp-content\/uploads\/2023\/08\/Cofinance-par-l-Union-europeenne.jpg 910w, https:\/\/madmobilite.org\/wp-content\/uploads\/2023\/08\/Cofinance-par-l-Union-europeenne-296x300.jpg 296w, https:\/\/madmobilite.org\/wp-content\/uploads\/2023\/08\/Cofinance-par-l-Union-europeenne-768x778.jpg 768w\" sizes=\"auto, (max-width: 910px) 100vw, 910px\" \/><\/figure>\n<\/div><\/div><\/div>\n\n\n\n<div class=\"wp-block-stackable-column stk-block-column stk-column stk-block stk-6b257c4\" data-v=\"4\" data-block-id=\"6b257c4\"><div class=\"stk-column-wrapper stk-block-column__content stk-container stk-6b257c4-container stk--no-background stk--no-padding\"><div class=\"stk-block-content stk-inner-blocks stk-6b257c4-inner-blocks\">\n<figure class=\"wp-block-image size-full\" data-block-type=\"core\"><img loading=\"lazy\" decoding=\"async\" width=\"926\" height=\"926\" src=\"http:\/\/madmobilite.org\/wp-content\/uploads\/2023\/08\/Conference-des-financeurs.jpg\" alt=\"\" class=\"wp-image-419\" srcset=\"https:\/\/madmobilite.org\/wp-content\/uploads\/2023\/08\/Conference-des-financeurs.jpg 926w, https:\/\/madmobilite.org\/wp-content\/uploads\/2023\/08\/Conference-des-financeurs-300x300.jpg 300w, https:\/\/madmobilite.org\/wp-content\/uploads\/2023\/08\/Conference-des-financeurs-150x150.jpg 150w, https:\/\/madmobilite.org\/wp-content\/uploads\/2023\/08\/Conference-des-financeurs-768x768.jpg 768w\" sizes=\"auto, (max-width: 926px) 100vw, 926px\" \/><\/figure>\n<\/div><\/div><\/div>\n\n\n\n<div class=\"wp-block-stackable-column stk-block-column stk-column stk-block stk-70d27f3\" data-v=\"4\" data-block-id=\"70d27f3\"><div class=\"stk-column-wrapper stk-block-column__content stk-container stk-70d27f3-container stk--no-background stk--no-padding\"><div class=\"stk-block-content stk-inner-blocks stk-70d27f3-inner-blocks\"><div class=\"wp-block-image\">\n<figure class=\"aligncenter size-full\" data-block-type=\"core\"><img loading=\"lazy\" decoding=\"async\" width=\"615\" height=\"206\" src=\"http:\/\/madmobilite.org\/wp-content\/uploads\/2023\/08\/Etat.gif\" alt=\"\" class=\"wp-image-420\"\/><\/figure>\n<\/div><\/div><\/div><\/div>\n\n\n\n<div class=\"wp-block-stackable-column stk-block-column stk-column stk-block stk-8a4fb54\" data-v=\"4\" data-block-id=\"8a4fb54\"><div class=\"stk-column-wrapper stk-block-column__content stk-container stk-8a4fb54-container stk--no-background stk--no-padding\"><div class=\"stk-block-content stk-inner-blocks stk-8a4fb54-inner-blocks\">\n<figure class=\"wp-block-image size-full\" data-block-type=\"core\"><img loading=\"lazy\" decoding=\"async\" width=\"451\" height=\"480\" src=\"http:\/\/madmobilite.org\/wp-content\/uploads\/2023\/08\/Seine-Maritime_76.png\" alt=\"\" class=\"wp-image-421\" srcset=\"https:\/\/madmobilite.org\/wp-content\/uploads\/2023\/08\/Seine-Maritime_76.png 451w, https:\/\/madmobilite.org\/wp-content\/uploads\/2023\/08\/Seine-Maritime_76-282x300.png 282w\" sizes=\"auto, (max-width: 451px) 100vw, 451px\" \/><\/figure>\n<\/div><\/div><\/div>\n<\/div><div class=\"stk-block-carousel__buttons\"><button class=\"stk-block-carousel__button stk-block-carousel__button__prev\" aria-label=\"Previous slide\"><svg aria-hidden=\"true\" focusable=\"false\" data-prefix=\"fas\" data-icon=\"chevron-left\" class=\"svg-inline--fa fa-chevron-left\" xmlns=\"http:\/\/www.w3.org\/2000\/svg\" viewBox=\"0 0 320 512\" width=\"32\" height=\"32\"><path d=\"M34.52 239.03L228.87 44.69c9.37-9.37 24.57-9.37 33.94 0l22.67 22.67c9.36 9.36 9.37 24.52.04 33.9L131.49 256l154.02 154.75c9.34 9.38 9.32 24.54-.04 33.9l-22.67 22.67c-9.37 9.37-24.57 9.37-33.94 0L34.52 272.97c-9.37-9.37-9.37-24.57 0-33.94z\"><\/path><\/svg><\/button><button class=\"stk-block-carousel__button stk-block-carousel__button__next\" aria-label=\"Next slide\"><svg aria-hidden=\"true\" focusable=\"false\" data-prefix=\"fas\" data-icon=\"chevron-right\" class=\"svg-inline--fa fa-chevron-right\" xmlns=\"http:\/\/www.w3.org\/2000\/svg\" viewBox=\"0 0 320 512\" width=\"32\" height=\"32\"><path d=\"M285.476 272.971L91.132 467.314c-9.373 9.373-24.569 9.373-33.941 0l-22.667-22.667c-9.357-9.357-9.375-24.522-.04-33.901L188.505 256 34.484 101.255c-9.335-9.379-9.317-24.544.04-33.901l22.667-22.667c9.373-9.373 24.569-9.373 33.941 0L285.475 239.03c9.373 9.372 9.373 24.568.001 33.941z\"><\/path><\/svg><\/button><\/div><\/div><div class=\"stk-block-carousel__dots\" role=\"list\" data-label=\"Slide %%d\"><\/div><\/div><\/div>\n<\/div><\/div><\/div>\n<\/div><\/div>\n<\/div>\n<\/div>\n","protected":false},"excerpt":{"rendered":"<p>Nos partenaires jouent un r\u00f4le essentiel dans nos actions : gr\u00e2ce \u00e0 leur engagement et \u00e0 leur confiance, nous d\u00e9veloppons ensemble des solutions de mobilit\u00e9 solidaire au service de l\u2019insertion professionnelle et de l\u2019autonomie de chacun.<\/p>\n","protected":false},"author":1,"featured_media":0,"parent":0,"menu_order":0,"comment_status":"closed","ping_status":"closed","template":"","meta":{"neve_meta_sidebar":"","neve_meta_container":"","neve_meta_enable_content_width":"","neve_meta_content_width":0,"neve_meta_title_alignment":"","neve_meta_author_avatar":"","neve_post_elements_order":"","neve_meta_disable_header":"","neve_meta_disable_footer":"","neve_meta_disable_title":"","footnotes":""},"class_list":["post-118","page","type-page","status-publish","hentry"],"yoast_head":"<!-- This site is optimized with the Yoast SEO plugin v26.8 - https:\/\/yoast.com\/product\/yoast-seo-wordpress\/ -->\n<title>Nos partenaires - MAD Mobilit\u00e9 Associative Durable<\/title>\n<meta name=\"description\" content=\"MAD a de nombreux partenaires qui lui font confiance et la soutiennent : Le Havre Seine M\u00e9tropole, France Relance, GIP Contrat de ville...\" \/>\n<meta name=\"robots\" content=\"index, follow, max-snippet:-1, max-image-preview:large, max-video-preview:-1\" \/>\n<link rel=\"canonical\" href=\"https:\/\/madmobilite.org\/?page_id=118\" \/>\n<meta property=\"og:locale\" content=\"fr_FR\" \/>\n<meta property=\"og:type\" content=\"article\" \/>\n<meta property=\"og:title\" content=\"Nos partenaires - MAD Mobilit\u00e9 Associative Durable\" \/>\n<meta property=\"og:description\" content=\"MAD a de nombreux partenaires qui lui font confiance et la soutiennent : Le Havre Seine M\u00e9tropole, France Relance, GIP Contrat de ville...\" \/>\n<meta property=\"og:url\" content=\"https:\/\/madmobilite.org\/?page_id=118\" \/>\n<meta property=\"og:site_name\" content=\"MAD Mobilit\u00e9 Associative Durable\" \/>\n<meta property=\"article:modified_time\" content=\"2026-01-22T09:43:03+00:00\" \/>\n<meta property=\"og:image\" content=\"https:\/\/madmobilite.org\/wp-content\/uploads\/2022\/04\/MAD_cartouche_partenaire.png\" \/>\n\t<meta property=\"og:image:width\" content=\"10040\" \/>\n\t<meta property=\"og:image:height\" content=\"1801\" \/>\n\t<meta property=\"og:image:type\" content=\"image\/png\" \/>\n<meta name=\"twitter:card\" content=\"summary_large_image\" \/>\n<meta name=\"twitter:label1\" content=\"Dur\u00e9e de lecture estim\u00e9e\" \/>\n\t<meta name=\"twitter:data1\" content=\"2 minutes\" \/>\n<script type=\"application\/ld+json\" class=\"yoast-schema-graph\">{\"@context\":\"https:\/\/schema.org\",\"@graph\":[{\"@type\":\"WebPage\",\"@id\":\"https:\/\/madmobilite.org\/?page_id=118\",\"url\":\"https:\/\/madmobilite.org\/?page_id=118\",\"name\":\"Nos partenaires - MAD Mobilit\u00e9 Associative Durable\",\"isPartOf\":{\"@id\":\"https:\/\/madmobilite.org\/#website\"},\"primaryImageOfPage\":{\"@id\":\"https:\/\/madmobilite.org\/?page_id=118#primaryimage\"},\"image\":{\"@id\":\"https:\/\/madmobilite.org\/?page_id=118#primaryimage\"},\"thumbnailUrl\":\"http:\/\/madmobilite.org\/wp-content\/uploads\/2022\/04\/MAD_cartouche_partenaire-1024x184.png\",\"datePublished\":\"2022-04-05T14:33:39+00:00\",\"dateModified\":\"2026-01-22T09:43:03+00:00\",\"description\":\"MAD a de nombreux partenaires qui lui font confiance et la soutiennent : Le Havre Seine M\u00e9tropole, France Relance, GIP Contrat de ville...\",\"breadcrumb\":{\"@id\":\"https:\/\/madmobilite.org\/?page_id=118#breadcrumb\"},\"inLanguage\":\"fr-FR\",\"potentialAction\":[{\"@type\":\"ReadAction\",\"target\":[\"https:\/\/madmobilite.org\/?page_id=118\"]}]},{\"@type\":\"ImageObject\",\"inLanguage\":\"fr-FR\",\"@id\":\"https:\/\/madmobilite.org\/?page_id=118#primaryimage\",\"url\":\"https:\/\/madmobilite.org\/wp-content\/uploads\/2022\/04\/MAD_cartouche_partenaire.png\",\"contentUrl\":\"https:\/\/madmobilite.org\/wp-content\/uploads\/2022\/04\/MAD_cartouche_partenaire.png\",\"width\":10040,\"height\":1801},{\"@type\":\"BreadcrumbList\",\"@id\":\"https:\/\/madmobilite.org\/?page_id=118#breadcrumb\",\"itemListElement\":[{\"@type\":\"ListItem\",\"position\":1,\"name\":\"Accueil\",\"item\":\"https:\/\/madmobilite.org\/\"},{\"@type\":\"ListItem\",\"position\":2,\"name\":\"Nos partenaires\"}]},{\"@type\":\"WebSite\",\"@id\":\"https:\/\/madmobilite.org\/#website\",\"url\":\"https:\/\/madmobilite.org\/\",\"name\":\"MAD Mobilit\u00e9 Associative Durable\",\"description\":\"Etre mobile pour avancer\",\"publisher\":{\"@id\":\"https:\/\/madmobilite.org\/#organization\"},\"potentialAction\":[{\"@type\":\"SearchAction\",\"target\":{\"@type\":\"EntryPoint\",\"urlTemplate\":\"https:\/\/madmobilite.org\/?s={search_term_string}\"},\"query-input\":{\"@type\":\"PropertyValueSpecification\",\"valueRequired\":true,\"valueName\":\"search_term_string\"}}],\"inLanguage\":\"fr-FR\"},{\"@type\":\"Organization\",\"@id\":\"https:\/\/madmobilite.org\/#organization\",\"name\":\"MAD Mobilit\u00e9 Associative Durable\",\"url\":\"https:\/\/madmobilite.org\/\",\"logo\":{\"@type\":\"ImageObject\",\"inLanguage\":\"fr-FR\",\"@id\":\"https:\/\/madmobilite.org\/#\/schema\/logo\/image\/\",\"url\":\"https:\/\/madmobilite.org\/wp-content\/uploads\/2022\/03\/logo-agency-3.png\",\"contentUrl\":\"https:\/\/madmobilite.org\/wp-content\/uploads\/2022\/03\/logo-agency-3.png\",\"width\":200,\"height\":200,\"caption\":\"MAD Mobilit\u00e9 Associative Durable\"},\"image\":{\"@id\":\"https:\/\/madmobilite.org\/#\/schema\/logo\/image\/\"}}]}<\/script>\n<!-- \/ Yoast SEO plugin. -->","yoast_head_json":{"title":"Nos partenaires - MAD Mobilit\u00e9 Associative Durable","description":"MAD a de nombreux partenaires qui lui font confiance et la soutiennent : Le Havre Seine M\u00e9tropole, France Relance, GIP Contrat de ville...","robots":{"index":"index","follow":"follow","max-snippet":"max-snippet:-1","max-image-preview":"max-image-preview:large","max-video-preview":"max-video-preview:-1"},"canonical":"https:\/\/madmobilite.org\/?page_id=118","og_locale":"fr_FR","og_type":"article","og_title":"Nos partenaires - MAD Mobilit\u00e9 Associative Durable","og_description":"MAD a de nombreux partenaires qui lui font confiance et la soutiennent : Le Havre Seine M\u00e9tropole, France Relance, GIP Contrat de ville...","og_url":"https:\/\/madmobilite.org\/?page_id=118","og_site_name":"MAD Mobilit\u00e9 Associative Durable","article_modified_time":"2026-01-22T09:43:03+00:00","og_image":[{"width":10040,"height":1801,"url":"https:\/\/madmobilite.org\/wp-content\/uploads\/2022\/04\/MAD_cartouche_partenaire.png","type":"image\/png"}],"twitter_card":"summary_large_image","twitter_misc":{"Dur\u00e9e de lecture estim\u00e9e":"2 minutes"},"schema":{"@context":"https:\/\/schema.org","@graph":[{"@type":"WebPage","@id":"https:\/\/madmobilite.org\/?page_id=118","url":"https:\/\/madmobilite.org\/?page_id=118","name":"Nos partenaires - MAD Mobilit\u00e9 Associative Durable","isPartOf":{"@id":"https:\/\/madmobilite.org\/#website"},"primaryImageOfPage":{"@id":"https:\/\/madmobilite.org\/?page_id=118#primaryimage"},"image":{"@id":"https:\/\/madmobilite.org\/?page_id=118#primaryimage"},"thumbnailUrl":"http:\/\/madmobilite.org\/wp-content\/uploads\/2022\/04\/MAD_cartouche_partenaire-1024x184.png","datePublished":"2022-04-05T14:33:39+00:00","dateModified":"2026-01-22T09:43:03+00:00","description":"MAD a de nombreux partenaires qui lui font confiance et la soutiennent : Le Havre Seine M\u00e9tropole, France Relance, GIP Contrat de ville...","breadcrumb":{"@id":"https:\/\/madmobilite.org\/?page_id=118#breadcrumb"},"inLanguage":"fr-FR","potentialAction":[{"@type":"ReadAction","target":["https:\/\/madmobilite.org\/?page_id=118"]}]},{"@type":"ImageObject","inLanguage":"fr-FR","@id":"https:\/\/madmobilite.org\/?page_id=118#primaryimage","url":"https:\/\/madmobilite.org\/wp-content\/uploads\/2022\/04\/MAD_cartouche_partenaire.png","contentUrl":"https:\/\/madmobilite.org\/wp-content\/uploads\/2022\/04\/MAD_cartouche_partenaire.png","width":10040,"height":1801},{"@type":"BreadcrumbList","@id":"https:\/\/madmobilite.org\/?page_id=118#breadcrumb","itemListElement":[{"@type":"ListItem","position":1,"name":"Accueil","item":"https:\/\/madmobilite.org\/"},{"@type":"ListItem","position":2,"name":"Nos partenaires"}]},{"@type":"WebSite","@id":"https:\/\/madmobilite.org\/#website","url":"https:\/\/madmobilite.org\/","name":"MAD Mobilit\u00e9 Associative Durable","description":"Etre mobile pour avancer","publisher":{"@id":"https:\/\/madmobilite.org\/#organization"},"potentialAction":[{"@type":"SearchAction","target":{"@type":"EntryPoint","urlTemplate":"https:\/\/madmobilite.org\/?s={search_term_string}"},"query-input":{"@type":"PropertyValueSpecification","valueRequired":true,"valueName":"search_term_string"}}],"inLanguage":"fr-FR"},{"@type":"Organization","@id":"https:\/\/madmobilite.org\/#organization","name":"MAD Mobilit\u00e9 Associative Durable","url":"https:\/\/madmobilite.org\/","logo":{"@type":"ImageObject","inLanguage":"fr-FR","@id":"https:\/\/madmobilite.org\/#\/schema\/logo\/image\/","url":"https:\/\/madmobilite.org\/wp-content\/uploads\/2022\/03\/logo-agency-3.png","contentUrl":"https:\/\/madmobilite.org\/wp-content\/uploads\/2022\/03\/logo-agency-3.png","width":200,"height":200,"caption":"MAD Mobilit\u00e9 Associative Durable"},"image":{"@id":"https:\/\/madmobilite.org\/#\/schema\/logo\/image\/"}}]}},"_links":{"self":[{"href":"https:\/\/madmobilite.org\/index.php?rest_route=\/wp\/v2\/pages\/118","targetHints":{"allow":["GET"]}}],"collection":[{"href":"https:\/\/madmobilite.org\/index.php?rest_route=\/wp\/v2\/pages"}],"about":[{"href":"https:\/\/madmobilite.org\/index.php?rest_route=\/wp\/v2\/types\/page"}],"author":[{"embeddable":true,"href":"https:\/\/madmobilite.org\/index.php?rest_route=\/wp\/v2\/users\/1"}],"replies":[{"embeddable":true,"href":"https:\/\/madmobilite.org\/index.php?rest_route=%2Fwp%2Fv2%2Fcomments&post=118"}],"version-history":[{"count":20,"href":"https:\/\/madmobilite.org\/index.php?rest_route=\/wp\/v2\/pages\/118\/revisions"}],"predecessor-version":[{"id":579,"href":"https:\/\/madmobilite.org\/index.php?rest_route=\/wp\/v2\/pages\/118\/revisions\/579"}],"wp:attachment":[{"href":"https:\/\/madmobilite.org\/index.php?rest_route=%2Fwp%2Fv2%2Fmedia&parent=118"}],"curies":[{"name":"wp","href":"https:\/\/api.w.org\/{rel}","templated":true}]}}